{"id":5206,"date":"2014-08-06T08:40:48","date_gmt":"2014-08-06T08:40:48","guid":{"rendered":"http:\/\/demo.wpzoom.com\/inspiro\/?page_id=5206"},"modified":"2026-02-01T09:22:21","modified_gmt":"2026-02-01T09:22:21","slug":"athletes","status":"publish","type":"page","link":"https:\/\/athlon-sportmanagement.com\/de\/athletes\/","title":{"rendered":"Spieler"},"content":{"rendered":"<body>\t\t<div data-elementor-type=\"wp-page\" data-elementor-id=\"5206\" class=\"elementor elementor-5206\">\n\t\t\t\t\t\t<section class=\"elementor-section elementor-top-section elementor-element elementor-element-3469a9ab elementor-section-boxed elementor-section-height-default elementor-section-height-default\" data-id=\"3469a9ab\" data-element_type=\"section\">\n\t\t\t\t\t\t<div class=\"elementor-container elementor-column-gap-custom\">\n\t\t\t\t\t<div class=\"elementor-column elementor-col-50 elementor-top-column elementor-element elementor-element-8a319b3\" data-id=\"8a319b3\" data-element_type=\"column\">\n\t\t\t<div class=\"elementor-widget-wrap elementor-element-populated\">\n\t\t\t\t\t\t<div class=\"elementor-element elementor-element-e5691b4 elementor-widget elementor-widget-wpzoom-elementor-addons-team-members\" data-id=\"e5691b4\" data-element_type=\"widget\" data-widget_type=\"wpzoom-elementor-addons-team-members.default\">\n\t\t\t\t<div class=\"elementor-widget-container\">\n\t\t\t\t\t\n\t\t\t\t\t<figure class=\"wpz-member-figure\">\n\t\t\t\t<img loading=\"lazy\" decoding=\"async\" width=\"201\" height=\"251\" src=\"https:\/\/i0.wp.com\/athlon-sportmanagement.com\/wp-content\/uploads\/2026\/02\/Linus.jpg?fit=201%2C251&amp;ssl=1\" class=\"elementor-animation-disable-animation attachment-large size-large wp-image-7434\" alt=\"\" srcset=\"https:\/\/i0.wp.com\/athlon-sportmanagement.com\/wp-content\/uploads\/2026\/02\/Linus.jpg?w=201&amp;ssl=1 201w, https:\/\/i0.wp.com\/athlon-sportmanagement.com\/wp-content\/uploads\/2026\/02\/Linus.jpg?resize=10%2C12&amp;ssl=1 10w\" sizes=\"auto, 100vw\">\t\t\t<\/figure>\n\t\t\n\t\t<div class=\"wpz-member-body\">\n\t\t\t<h2 class=\"wpz-member-name\">Linus Hesch<\/h2>\n\t\t\t\t\t\t\t<div class=\"wpz-member-position\">FC Sportfreunde Schwaig 1913 - (BAYERNLIGA)<\/div>\n\t\t\t\n\t\t\t\t\t\t\t<div class=\"wpz-member-bio\">\n\t\t\t\t\t<p>Name: Hesch<br>Vorname: Linus<br>Nationalit\u00e4t: Deutsch<br>Geburtsdatum: 21.03.2006<br>Position: offensiv<br>Starker Fu\u00df: Rechts<\/p>\n\t\t\t\t<\/div>\n\t\t\t\n\t\t\t\n\t\t\t\t\t\t\t<div class=\"wpz-member-links\">\n\t\t\t\t\t<a target=\"_blank\" rel=\"noopener\" href=\"\" class=\"elementor-repeater-item-ac02483\"><i class=\"fa-instagram fab\" aria-hidden=\"true\"><\/i><\/a>\t\t\t\t<\/div>\n\t\t\t\n\t\t\t\t\t<\/div>\n\t\t\t\t\t\t<\/div>\n\t\t\t\t<\/div>\n\t\t\t\t<div class=\"elementor-element elementor-element-26b5849 elementor-widget elementor-widget-wpzoom-elementor-addons-team-members\" data-id=\"26b5849\" data-element_type=\"widget\" data-widget_type=\"wpzoom-elementor-addons-team-members.default\">\n\t\t\t\t<div class=\"elementor-widget-container\">\n\t\t\t\t\t\n\t\t\t\t\t<figure class=\"wpz-member-figure\">\n\t\t\t\t<img loading=\"lazy\" decoding=\"async\" width=\"705\" height=\"1205\" src=\"https:\/\/i0.wp.com\/athlon-sportmanagement.com\/wp-content\/uploads\/2023\/12\/IMG-20260201-WA00012.jpg?fit=705%2C1205&amp;ssl=1\" class=\"elementor-animation-disable-animation attachment-medium_large size-medium_large wp-image-7423\" alt=\"\" srcset=\"https:\/\/i0.wp.com\/athlon-sportmanagement.com\/wp-content\/uploads\/2023\/12\/IMG-20260201-WA00012.jpg?w=705&amp;ssl=1 705w, https:\/\/i0.wp.com\/athlon-sportmanagement.com\/wp-content\/uploads\/2023\/12\/IMG-20260201-WA00012.jpg?resize=176%2C300&amp;ssl=1 176w, https:\/\/i0.wp.com\/athlon-sportmanagement.com\/wp-content\/uploads\/2023\/12\/IMG-20260201-WA00012.jpg?resize=599%2C1024&amp;ssl=1 599w, https:\/\/i0.wp.com\/athlon-sportmanagement.com\/wp-content\/uploads\/2023\/12\/IMG-20260201-WA00012.jpg?resize=7%2C12&amp;ssl=1 7w\" sizes=\"auto, 100vw\">\t\t\t<\/figure>\n\t\t\n\t\t<div class=\"wpz-member-body\">\n\t\t\t<h2 class=\"wpz-member-name\">Ioannis Petkos<\/h2>\n\t\t\t\t\t\t\t<div class=\"wpz-member-position\">FC INGOLSTADT - U19 (BUNDESLIGA)<\/div>\n\t\t\t\n\t\t\t\t\t\t\t<div class=\"wpz-member-bio\">\n\t\t\t\t\t<p>Name: Petkos<br>Vorname: Ioannis<br>Nationalit\u00e4t: Deutsch<br>Geburtsdatum: 15.12.2007 <br>Position: defensiv<br>Starker Fu\u00df: Rechts<\/p>\n\t\t\t\t<\/div>\n\t\t\t\n\t\t\t\n\t\t\t\t\t\t\t<div class=\"wpz-member-links\">\n\t\t\t\t\t<a target=\"_blank\" rel=\"noopener\" href=\"https:\/\/www.instagram.com\/abdisry\/\" class=\"elementor-repeater-item-8bd6c68\"><i class=\"fa-instagram fab\" aria-hidden=\"true\"><\/i><\/a>\t\t\t\t<\/div>\n\t\t\t\n\t\t\t\t\t<\/div>\n\t\t\t\t\t\t<\/div>\n\t\t\t\t<\/div>\n\t\t\t\t<div class=\"elementor-element elementor-element-92df89f elementor-widget elementor-widget-wpzoom-elementor-addons-team-members\" data-id=\"92df89f\" data-element_type=\"widget\" data-widget_type=\"wpzoom-elementor-addons-team-members.default\">\n\t\t\t\t<div class=\"elementor-widget-container\">\n\t\t\t\t\t\n\t\t\t\t\t<figure class=\"wpz-member-figure\">\n\t\t\t\t<img loading=\"lazy\" decoding=\"async\" width=\"150\" height=\"150\" src=\"https:\/\/i0.wp.com\/athlon-sportmanagement.com\/wp-content\/uploads\/2023\/12\/Elom-Apemengo.png?resize=150%2C150&amp;ssl=1\" class=\"elementor-animation-disable-animation attachment-thumbnail size-thumbnail wp-image-7353\" alt=\"\" srcset=\"https:\/\/i0.wp.com\/athlon-sportmanagement.com\/wp-content\/uploads\/2023\/12\/Elom-Apemengo.png?w=1080&amp;ssl=1 1080w, https:\/\/i0.wp.com\/athlon-sportmanagement.com\/wp-content\/uploads\/2023\/12\/Elom-Apemengo.png?resize=300%2C300&amp;ssl=1 300w, https:\/\/i0.wp.com\/athlon-sportmanagement.com\/wp-content\/uploads\/2023\/12\/Elom-Apemengo.png?resize=1024%2C1024&amp;ssl=1 1024w, https:\/\/i0.wp.com\/athlon-sportmanagement.com\/wp-content\/uploads\/2023\/12\/Elom-Apemengo.png?resize=150%2C150&amp;ssl=1 150w, https:\/\/i0.wp.com\/athlon-sportmanagement.com\/wp-content\/uploads\/2023\/12\/Elom-Apemengo.png?resize=768%2C768&amp;ssl=1 768w, https:\/\/i0.wp.com\/athlon-sportmanagement.com\/wp-content\/uploads\/2023\/12\/Elom-Apemengo.png?resize=12%2C12&amp;ssl=1 12w, https:\/\/i0.wp.com\/athlon-sportmanagement.com\/wp-content\/uploads\/2023\/12\/Elom-Apemengo.png?resize=600%2C600&amp;ssl=1 600w, https:\/\/i0.wp.com\/athlon-sportmanagement.com\/wp-content\/uploads\/2023\/12\/Elom-Apemengo.png?resize=800%2C800&amp;ssl=1 800w\" sizes=\"auto, 100vw\">\t\t\t<\/figure>\n\t\t\n\t\t<div class=\"wpz-member-body\">\n\t\t\t<h2 class=\"wpz-member-name\">Elom Apemengo<\/h2>\n\t\t\t\t\t\t\t<div class=\"wpz-member-position\">FC Ingolstadt - u16 (bayernliga)<\/div>\n\t\t\t\n\t\t\t\t\t\t\t<div class=\"wpz-member-bio\">\n\t\t\t\t\t<p>Name: Apemengo<br>Vorname: Elom<br>Nationalit\u00e4t: German-Togo<br>Geburtsdatum: 19.02.2008<br>Position: offensiv<br>Starker Fu\u00df: Rechts<\/p>\n\t\t\t\t<\/div>\n\t\t\t\n\t\t\t\n\t\t\t\t\t\t\t<div class=\"wpz-member-links\">\n\t\t\t\t\t<a target=\"_blank\" rel=\"noopener\" href=\"https:\/\/www.instagram.com\/dickson.030\" class=\"elementor-repeater-item-7faa19b\"><i class=\"fa-instagram fab\" aria-hidden=\"true\"><\/i><\/a>\t\t\t\t<\/div>\n\t\t\t\n\t\t\t\t\t<\/div>\n\t\t\t\t\t\t<\/div>\n\t\t\t\t<\/div>\n\t\t\t\t<div class=\"elementor-element elementor-element-e27f6fc elementor-widget elementor-widget-wpzoom-elementor-addons-team-members\" data-id=\"e27f6fc\" data-element_type=\"widget\" data-widget_type=\"wpzoom-elementor-addons-team-members.default\">\n\t\t\t\t<div class=\"elementor-widget-container\">\n\t\t\t\t\t\n\t\t\t\t\t<figure class=\"wpz-member-figure\">\n\t\t\t\t<img loading=\"lazy\" decoding=\"async\" width=\"150\" height=\"150\" src=\"https:\/\/i0.wp.com\/athlon-sportmanagement.com\/wp-content\/uploads\/2024\/03\/IMG-20240329-WA0015.jpg?resize=150%2C150&amp;ssl=1\" class=\"elementor-animation-disable-animation attachment-thumbnail size-thumbnail wp-image-7368\" alt=\"\" srcset=\"https:\/\/i0.wp.com\/athlon-sportmanagement.com\/wp-content\/uploads\/2024\/03\/IMG-20240329-WA0015.jpg?resize=150%2C150&amp;ssl=1 150w, https:\/\/i0.wp.com\/athlon-sportmanagement.com\/wp-content\/uploads\/2024\/03\/IMG-20240329-WA0015.jpg?resize=800%2C800&amp;ssl=1 800w, https:\/\/i0.wp.com\/athlon-sportmanagement.com\/wp-content\/uploads\/2024\/03\/IMG-20240329-WA0015.jpg?zoom=2&amp;resize=150%2C150&amp;ssl=1 300w, https:\/\/i0.wp.com\/athlon-sportmanagement.com\/wp-content\/uploads\/2024\/03\/IMG-20240329-WA0015.jpg?zoom=3&amp;resize=150%2C150&amp;ssl=1 450w\" sizes=\"auto, 100vw\">\t\t\t<\/figure>\n\t\t\n\t\t<div class=\"wpz-member-body\">\n\t\t\t<h2 class=\"wpz-member-name\">James Timbana<\/h2>\n\t\t\t\t\t\t\t<div class=\"wpz-member-position\">Wacker Burghausen - u19 (bayernliga) <\/div>\n\t\t\t\n\t\t\t\t\t\t\t<div class=\"wpz-member-bio\">\n\t\t\t\t\t<p>Name: Timbana<br>Vorname: James<br>Nationalit\u00e4t: German-Monsambike-Irland<br>Geburtsdatum: 01.09.2006<br>Position: offensiv<br>Starker Fu\u00df: Rechts<\/p>\n\t\t\t\t<\/div>\n\t\t\t\n\t\t\t\n\t\t\t\t\t\t\t<div class=\"wpz-member-links\">\n\t\t\t\t\t<a target=\"_blank\" rel=\"noopener\" href=\"https:\/\/www.instagram.com\/dickson.030\" class=\"elementor-repeater-item-7faa19b\"><i class=\"fa-instagram fab\" aria-hidden=\"true\"><\/i><\/a>\t\t\t\t<\/div>\n\t\t\t\n\t\t\t\t\t<\/div>\n\t\t\t\t\t\t<\/div>\n\t\t\t\t<\/div>\n\t\t\t\t\t<\/div>\n\t\t<\/div>\n\t\t\t\t<div class=\"elementor-column elementor-col-50 elementor-top-column elementor-element elementor-element-6009685a\" data-id=\"6009685a\" data-element_type=\"column\">\n\t\t\t<div class=\"elementor-widget-wrap elementor-element-populated\">\n\t\t\t\t\t\t<div class=\"elementor-element elementor-element-84c4bd3 elementor-widget elementor-widget-wpzoom-elementor-addons-team-members\" data-id=\"84c4bd3\" data-element_type=\"widget\" data-widget_type=\"wpzoom-elementor-addons-team-members.default\">\n\t\t\t\t<div class=\"elementor-widget-container\">\n\t\t\t\t\t\n\t\t\t\t\t<figure class=\"wpz-member-figure\">\n\t\t\t\t<img loading=\"lazy\" decoding=\"async\" width=\"225\" height=\"300\" src=\"https:\/\/i0.wp.com\/athlon-sportmanagement.com\/wp-content\/uploads\/2023\/12\/IMG-20260201-WA0000.jpg?fit=225%2C300&amp;ssl=1\" class=\"elementor-animation-disable-animation attachment-medium size-medium wp-image-7418\" alt=\"\" srcset=\"https:\/\/i0.wp.com\/athlon-sportmanagement.com\/wp-content\/uploads\/2023\/12\/IMG-20260201-WA0000.jpg?w=1200&amp;ssl=1 1200w, https:\/\/i0.wp.com\/athlon-sportmanagement.com\/wp-content\/uploads\/2023\/12\/IMG-20260201-WA0000.jpg?resize=225%2C300&amp;ssl=1 225w, https:\/\/i0.wp.com\/athlon-sportmanagement.com\/wp-content\/uploads\/2023\/12\/IMG-20260201-WA0000.jpg?resize=768%2C1024&amp;ssl=1 768w, https:\/\/i0.wp.com\/athlon-sportmanagement.com\/wp-content\/uploads\/2023\/12\/IMG-20260201-WA0000.jpg?resize=1152%2C1536&amp;ssl=1 1152w, https:\/\/i0.wp.com\/athlon-sportmanagement.com\/wp-content\/uploads\/2023\/12\/IMG-20260201-WA0000.jpg?resize=9%2C12&amp;ssl=1 9w\" sizes=\"auto, 100vw\">\t\t\t<\/figure>\n\t\t\n\t\t<div class=\"wpz-member-body\">\n\t\t\t<h2 class=\"wpz-member-name\">Dickson Ndukwu<\/h2>\n\t\t\t\t\t\t\t<div class=\"wpz-member-position\">FC Ingolstadt - u19 (BUNDESLIGA)<\/div>\n\t\t\t\n\t\t\t\t\t\t\t<div class=\"wpz-member-bio\">\n\t\t\t\t\t<p>Name: Ndukwu<br>Vorname: Dickson<br>Nationalit\u00e4t: Deutsch - Nigerianisch<br>Geburtsdatum: 21.10.2007<br>Position: offensiv<br>Starker Fu\u00df: Beidf\u00fc\u00dfig<\/p>\n\t\t\t\t<\/div>\n\t\t\t\n\t\t\t\n\t\t\t\t\t\t\t<div class=\"wpz-member-links\">\n\t\t\t\t\t<a target=\"_blank\" rel=\"noopener\" href=\"https:\/\/www.instagram.com\/dickson.030\" class=\"elementor-repeater-item-7faa19b\"><i class=\"fa-instagram fab\" aria-hidden=\"true\"><\/i><\/a>\t\t\t\t<\/div>\n\t\t\t\n\t\t\t\t\t<\/div>\n\t\t\t\t\t\t<\/div>\n\t\t\t\t<\/div>\n\t\t\t\t<div class=\"elementor-element elementor-element-6dba6d2 elementor-widget elementor-widget-wpzoom-elementor-addons-team-members\" data-id=\"6dba6d2\" data-element_type=\"widget\" data-widget_type=\"wpzoom-elementor-addons-team-members.default\">\n\t\t\t\t<div class=\"elementor-widget-container\">\n\t\t\t\t\t\n\t\t\t\t\t<figure class=\"wpz-member-figure\">\n\t\t\t\t<img loading=\"lazy\" decoding=\"async\" width=\"950\" height=\"950\" src=\"https:\/\/i0.wp.com\/athlon-sportmanagement.com\/wp-content\/uploads\/2023\/12\/Emirhan-Keklikci.png?fit=950%2C950&amp;ssl=1\" class=\"elementor-animation-disable-animation attachment-large size-large wp-image-7360\" alt=\"\" srcset=\"https:\/\/i0.wp.com\/athlon-sportmanagement.com\/wp-content\/uploads\/2023\/12\/Emirhan-Keklikci.png?w=1080&amp;ssl=1 1080w, https:\/\/i0.wp.com\/athlon-sportmanagement.com\/wp-content\/uploads\/2023\/12\/Emirhan-Keklikci.png?resize=300%2C300&amp;ssl=1 300w, https:\/\/i0.wp.com\/athlon-sportmanagement.com\/wp-content\/uploads\/2023\/12\/Emirhan-Keklikci.png?resize=1024%2C1024&amp;ssl=1 1024w, https:\/\/i0.wp.com\/athlon-sportmanagement.com\/wp-content\/uploads\/2023\/12\/Emirhan-Keklikci.png?resize=150%2C150&amp;ssl=1 150w, https:\/\/i0.wp.com\/athlon-sportmanagement.com\/wp-content\/uploads\/2023\/12\/Emirhan-Keklikci.png?resize=768%2C768&amp;ssl=1 768w, https:\/\/i0.wp.com\/athlon-sportmanagement.com\/wp-content\/uploads\/2023\/12\/Emirhan-Keklikci.png?resize=12%2C12&amp;ssl=1 12w, https:\/\/i0.wp.com\/athlon-sportmanagement.com\/wp-content\/uploads\/2023\/12\/Emirhan-Keklikci.png?resize=600%2C600&amp;ssl=1 600w, https:\/\/i0.wp.com\/athlon-sportmanagement.com\/wp-content\/uploads\/2023\/12\/Emirhan-Keklikci.png?resize=800%2C800&amp;ssl=1 800w\" sizes=\"auto, 100vw\">\t\t\t<\/figure>\n\t\t\n\t\t<div class=\"wpz-member-body\">\n\t\t\t<h2 class=\"wpz-member-name\">Emirhan Keklikci<\/h2>\n\t\t\t\t\t\t\t<div class=\"wpz-member-position\">M\u00fcnchen 1860 - U19 (Bundesliga)<\/div>\n\t\t\t\n\t\t\t\t\t\t\t<div class=\"wpz-member-bio\">\n\t\t\t\t\t<p>Name: Keklikci<br>Vorname: Emirhan<br>Nationalit\u00e4t: Deutsch - T\u00fcrkisch<br>Geburtsdatum: 21.01.2006<br>Position: offensiv<br>Starker Fu\u00df: Rechts<\/p>\n\t\t\t\t<\/div>\n\t\t\t\n\t\t\t\n\t\t\t\t\t\t\t<div class=\"wpz-member-links\">\n\t\t\t\t\t<a target=\"_blank\" rel=\"noopener\" href=\"\" class=\"elementor-repeater-item-ac02483\"><i class=\"fa-instagram fab\" aria-hidden=\"true\"><\/i><\/a>\t\t\t\t<\/div>\n\t\t\t\n\t\t\t\t\t<\/div>\n\t\t\t\t\t\t<\/div>\n\t\t\t\t<\/div>\n\t\t\t\t<div class=\"elementor-element elementor-element-58e5d80 elementor-widget elementor-widget-wpzoom-elementor-addons-team-members\" data-id=\"58e5d80\" data-element_type=\"widget\" data-widget_type=\"wpzoom-elementor-addons-team-members.default\">\n\t\t\t\t<div class=\"elementor-widget-container\">\n\t\t\t\t\t\n\t\t\t\t\t<figure class=\"wpz-member-figure\">\n\t\t\t\t<img loading=\"lazy\" decoding=\"async\" width=\"150\" height=\"150\" src=\"https:\/\/i0.wp.com\/athlon-sportmanagement.com\/wp-content\/uploads\/2025\/03\/IMG-20241012-WA0004.jpg?resize=150%2C150&amp;ssl=1\" class=\"elementor-animation-disable-animation attachment-thumbnail size-thumbnail wp-image-7388\" alt=\"\" srcset=\"https:\/\/i0.wp.com\/athlon-sportmanagement.com\/wp-content\/uploads\/2025\/03\/IMG-20241012-WA0004.jpg?resize=150%2C150&amp;ssl=1 150w, https:\/\/i0.wp.com\/athlon-sportmanagement.com\/wp-content\/uploads\/2025\/03\/IMG-20241012-WA0004.jpg?resize=800%2C800&amp;ssl=1 800w, https:\/\/i0.wp.com\/athlon-sportmanagement.com\/wp-content\/uploads\/2025\/03\/IMG-20241012-WA0004.jpg?zoom=2&amp;resize=150%2C150&amp;ssl=1 300w, https:\/\/i0.wp.com\/athlon-sportmanagement.com\/wp-content\/uploads\/2025\/03\/IMG-20241012-WA0004.jpg?zoom=3&amp;resize=150%2C150&amp;ssl=1 450w\" sizes=\"auto, 100vw\">\t\t\t<\/figure>\n\t\t\n\t\t<div class=\"wpz-member-body\">\n\t\t\t<h2 class=\"wpz-member-name\">Aristarchos Rizos<\/h2>\n\t\t\t\t\t\t\t<div class=\"wpz-member-position\">SpVgg Unterhaching - u17 (Bayernliga)<\/div>\n\t\t\t\n\t\t\t\t\t\t\t<div class=\"wpz-member-bio\">\n\t\t\t\t\t<p>Name: Rizos<br>Vorname: Aristarchos<br>Nationalit\u00e4t: Griechisch<br>Geburtsdatum: 19.02.2008<br>Position: offensiv<br>Starker Fu\u00df: Rechts<\/p>\n\t\t\t\t<\/div>\n\t\t\t\n\t\t\t\n\t\t\t\t\t\t\t<div class=\"wpz-member-links\">\n\t\t\t\t\t<a target=\"_blank\" rel=\"noopener\" href=\"https:\/\/www.instagram.com\/dickson.030\" class=\"elementor-repeater-item-7faa19b\"><i class=\"fa-instagram fab\" aria-hidden=\"true\"><\/i><\/a>\t\t\t\t<\/div>\n\t\t\t\n\t\t\t\t\t<\/div>\n\t\t\t\t\t\t<\/div>\n\t\t\t\t<\/div>\n\t\t\t\t\t<\/div>\n\t\t<\/div>\n\t\t\t\t\t<\/div>\n\t\t<\/section>\n\t\t\t\t<\/div>\n\t\t<\/body>","protected":false},"excerpt":{"rendered":"<p>Linus Hesch FC Sportfreunde Schwaig 1913 &#8211; (BAYERNLIGA) Surname: HeschName: LinusNationality: GermanDate of birth: 21.03.2006Position: offensiveStrong foot: right-footed Ioannis Petkos FC INGOLSTADT &#8211; U19 (BUNDESLIGA) Surname: PetkosName: IoannisNationality: GermanDate of birth: 15.12.2007 Position: defensiveStrong foot: right-footed Elom Apemengo FC Ingolstadt &#8211; u16 (bayernliga) Surname: ApemengoName: ElomNationality: German-TogoDate of birth: 19.02.2008Position: offensiveStrong foot: right-footed James Timbana &hellip; <\/p>\n<p class=\"link-more\"><a href=\"https:\/\/athlon-sportmanagement.com\/de\/athletes\/\" class=\"more-link\">Mehr <span class=\"screen-reader-text\">\u00fcber &#8220;Players&#8221; <\/span>Lesen<\/a><\/p>","protected":false},"author":1,"featured_media":0,"parent":0,"menu_order":0,"comment_status":"closed","ping_status":"closed","template":"","meta":{"nf_dc_page":"","om_disable_all_campaigns":false,"inline_featured_image":false,"_monsterinsights_skip_tracking":false,"_monsterinsights_sitenote_active":false,"_monsterinsights_sitenote_note":"","_monsterinsights_sitenote_category":0,"footnotes":""},"class_list":["post-5206","page","type-page","status-publish","hentry"],"yoast_head":"<!-- This site is optimized with the Yoast SEO plugin v26.9 - https:\/\/yoast.com\/product\/yoast-seo-wordpress\/ -->\n<title>Players - Athlon Sport Management<\/title>\n<meta name=\"description\" content=\"Athlon football management agent team.\" \/>\n<meta name=\"robots\" content=\"index, follow, max-snippet:-1, max-image-preview:large, max-video-preview:-1\" \/>\n<link rel=\"canonical\" href=\"https:\/\/athlon-sportmanagement.com\/de\/athletes\/\" \/>\n<meta property=\"og:locale\" content=\"de_DE\" \/>\n<meta property=\"og:type\" content=\"article\" \/>\n<meta property=\"og:title\" content=\"Players - Athlon Sport Management\" \/>\n<meta property=\"og:description\" content=\"Athlon football management agent team.\" \/>\n<meta property=\"og:url\" content=\"https:\/\/athlon-sportmanagement.com\/de\/athletes\/\" \/>\n<meta property=\"og:site_name\" content=\"Athlon Sport Management\" \/>\n<meta property=\"article:publisher\" content=\"https:\/\/www.facebook.com\/people\/Athlon-Sportmanagement\/100083543013209\/\" \/>\n<meta property=\"article:modified_time\" content=\"2026-02-01T09:22:21+00:00\" \/>\n<meta property=\"og:image\" content=\"https:\/\/athlon-sportmanagement.com\/wp-content\/uploads\/2026\/02\/Linus.jpg\" \/>\n<meta name=\"twitter:card\" content=\"summary_large_image\" \/>\n<meta name=\"twitter:label1\" content=\"Gesch\u00e4tzte Lesezeit\" \/>\n\t<meta name=\"twitter:data1\" content=\"3\u00a0Minuten\" \/>\n<script type=\"application\/ld+json\" class=\"yoast-schema-graph\">{\"@context\":\"https:\/\/schema.org\",\"@graph\":[{\"@type\":\"WebPage\",\"@id\":\"https:\/\/athlon-sportmanagement.com\/athletes\/\",\"url\":\"https:\/\/athlon-sportmanagement.com\/athletes\/\",\"name\":\"Players - Athlon Sport Management\",\"isPartOf\":{\"@id\":\"https:\/\/athlon-sportmanagement.com\/#website\"},\"primaryImageOfPage\":{\"@id\":\"https:\/\/athlon-sportmanagement.com\/athletes\/#primaryimage\"},\"image\":{\"@id\":\"https:\/\/athlon-sportmanagement.com\/athletes\/#primaryimage\"},\"thumbnailUrl\":\"https:\/\/athlon-sportmanagement.com\/wp-content\/uploads\/2026\/02\/Linus.jpg\",\"datePublished\":\"2014-08-06T08:40:48+00:00\",\"dateModified\":\"2026-02-01T09:22:21+00:00\",\"description\":\"Athlon football management agent team.\",\"breadcrumb\":{\"@id\":\"https:\/\/athlon-sportmanagement.com\/athletes\/#breadcrumb\"},\"inLanguage\":\"de\",\"potentialAction\":[{\"@type\":\"ReadAction\",\"target\":[\"https:\/\/athlon-sportmanagement.com\/athletes\/\"]}]},{\"@type\":\"ImageObject\",\"inLanguage\":\"de\",\"@id\":\"https:\/\/athlon-sportmanagement.com\/athletes\/#primaryimage\",\"url\":\"https:\/\/athlon-sportmanagement.com\/wp-content\/uploads\/2026\/02\/Linus.jpg\",\"contentUrl\":\"https:\/\/athlon-sportmanagement.com\/wp-content\/uploads\/2026\/02\/Linus.jpg\"},{\"@type\":\"BreadcrumbList\",\"@id\":\"https:\/\/athlon-sportmanagement.com\/athletes\/#breadcrumb\",\"itemListElement\":[{\"@type\":\"ListItem\",\"position\":1,\"name\":\"Home\",\"item\":\"https:\/\/athlon-sportmanagement.com\/de\/\"},{\"@type\":\"ListItem\",\"position\":2,\"name\":\"Players\"}]},{\"@type\":\"WebSite\",\"@id\":\"https:\/\/athlon-sportmanagement.com\/#website\",\"url\":\"https:\/\/athlon-sportmanagement.com\/\",\"name\":\"Athlon Sport Management\",\"description\":\"Football Player Agent\",\"publisher\":{\"@id\":\"https:\/\/athlon-sportmanagement.com\/#organization\"},\"potentialAction\":[{\"@type\":\"SearchAction\",\"target\":{\"@type\":\"EntryPoint\",\"urlTemplate\":\"https:\/\/athlon-sportmanagement.com\/?s={search_term_string}\"},\"query-input\":{\"@type\":\"PropertyValueSpecification\",\"valueRequired\":true,\"valueName\":\"search_term_string\"}}],\"inLanguage\":\"de\"},{\"@type\":\"Organization\",\"@id\":\"https:\/\/athlon-sportmanagement.com\/#organization\",\"name\":\"Athlon Sport Management\",\"url\":\"https:\/\/athlon-sportmanagement.com\/\",\"logo\":{\"@type\":\"ImageObject\",\"inLanguage\":\"de\",\"@id\":\"https:\/\/athlon-sportmanagement.com\/#\/schema\/logo\/image\/\",\"url\":\"https:\/\/i0.wp.com\/athlon-sportmanagement.com\/wp-content\/uploads\/2022\/07\/logo-print-hd-transparent.png?fit=3000%2C1455&ssl=1\",\"contentUrl\":\"https:\/\/i0.wp.com\/athlon-sportmanagement.com\/wp-content\/uploads\/2022\/07\/logo-print-hd-transparent.png?fit=3000%2C1455&ssl=1\",\"width\":3000,\"height\":1455,\"caption\":\"Athlon Sport Management\"},\"image\":{\"@id\":\"https:\/\/athlon-sportmanagement.com\/#\/schema\/logo\/image\/\"},\"sameAs\":[\"https:\/\/www.facebook.com\/people\/Athlon-Sportmanagement\/100083543013209\/\",\"https:\/\/www.instagram.com\/athlonsportmanagement\/\"]}]}<\/script>\n<!-- \/ Yoast SEO plugin. -->","yoast_head_json":{"title":"Players - Athlon Sport Management","description":"Athlon football management agent team.","robots":{"index":"index","follow":"follow","max-snippet":"max-snippet:-1","max-image-preview":"max-image-preview:large","max-video-preview":"max-video-preview:-1"},"canonical":"https:\/\/athlon-sportmanagement.com\/de\/athletes\/","og_locale":"de_DE","og_type":"article","og_title":"Players - Athlon Sport Management","og_description":"Athlon football management agent team.","og_url":"https:\/\/athlon-sportmanagement.com\/de\/athletes\/","og_site_name":"Athlon Sport Management","article_publisher":"https:\/\/www.facebook.com\/people\/Athlon-Sportmanagement\/100083543013209\/","article_modified_time":"2026-02-01T09:22:21+00:00","og_image":[{"url":"https:\/\/athlon-sportmanagement.com\/wp-content\/uploads\/2026\/02\/Linus.jpg","type":"","width":"","height":""}],"twitter_card":"summary_large_image","twitter_misc":{"Gesch\u00e4tzte Lesezeit":"3\u00a0Minuten"},"schema":{"@context":"https:\/\/schema.org","@graph":[{"@type":"WebPage","@id":"https:\/\/athlon-sportmanagement.com\/athletes\/","url":"https:\/\/athlon-sportmanagement.com\/athletes\/","name":"Players - Athlon Sport Management","isPartOf":{"@id":"https:\/\/athlon-sportmanagement.com\/#website"},"primaryImageOfPage":{"@id":"https:\/\/athlon-sportmanagement.com\/athletes\/#primaryimage"},"image":{"@id":"https:\/\/athlon-sportmanagement.com\/athletes\/#primaryimage"},"thumbnailUrl":"https:\/\/athlon-sportmanagement.com\/wp-content\/uploads\/2026\/02\/Linus.jpg","datePublished":"2014-08-06T08:40:48+00:00","dateModified":"2026-02-01T09:22:21+00:00","description":"Athlon football management agent team.","breadcrumb":{"@id":"https:\/\/athlon-sportmanagement.com\/athletes\/#breadcrumb"},"inLanguage":"de","potentialAction":[{"@type":"ReadAction","target":["https:\/\/athlon-sportmanagement.com\/athletes\/"]}]},{"@type":"ImageObject","inLanguage":"de","@id":"https:\/\/athlon-sportmanagement.com\/athletes\/#primaryimage","url":"https:\/\/athlon-sportmanagement.com\/wp-content\/uploads\/2026\/02\/Linus.jpg","contentUrl":"https:\/\/athlon-sportmanagement.com\/wp-content\/uploads\/2026\/02\/Linus.jpg"},{"@type":"BreadcrumbList","@id":"https:\/\/athlon-sportmanagement.com\/athletes\/#breadcrumb","itemListElement":[{"@type":"ListItem","position":1,"name":"Home","item":"https:\/\/athlon-sportmanagement.com\/de\/"},{"@type":"ListItem","position":2,"name":"Players"}]},{"@type":"WebSite","@id":"https:\/\/athlon-sportmanagement.com\/#website","url":"https:\/\/athlon-sportmanagement.com\/","name":"Athlon Sport Management","description":"Football Player Agent","publisher":{"@id":"https:\/\/athlon-sportmanagement.com\/#organization"},"potentialAction":[{"@type":"SearchAction","target":{"@type":"EntryPoint","urlTemplate":"https:\/\/athlon-sportmanagement.com\/?s={search_term_string}"},"query-input":{"@type":"PropertyValueSpecification","valueRequired":true,"valueName":"search_term_string"}}],"inLanguage":"de"},{"@type":"Organization","@id":"https:\/\/athlon-sportmanagement.com\/#organization","name":"Athlon Sport Management","url":"https:\/\/athlon-sportmanagement.com\/","logo":{"@type":"ImageObject","inLanguage":"de","@id":"https:\/\/athlon-sportmanagement.com\/#\/schema\/logo\/image\/","url":"https:\/\/i0.wp.com\/athlon-sportmanagement.com\/wp-content\/uploads\/2022\/07\/logo-print-hd-transparent.png?fit=3000%2C1455&ssl=1","contentUrl":"https:\/\/i0.wp.com\/athlon-sportmanagement.com\/wp-content\/uploads\/2022\/07\/logo-print-hd-transparent.png?fit=3000%2C1455&ssl=1","width":3000,"height":1455,"caption":"Athlon Sport Management"},"image":{"@id":"https:\/\/athlon-sportmanagement.com\/#\/schema\/logo\/image\/"},"sameAs":["https:\/\/www.facebook.com\/people\/Athlon-Sportmanagement\/100083543013209\/","https:\/\/www.instagram.com\/athlonsportmanagement\/"]}]}},"jetpack_sharing_enabled":true,"featured_media_urls":[],"_links":{"self":[{"href":"https:\/\/athlon-sportmanagement.com\/de\/wp-json\/wp\/v2\/pages\/5206","targetHints":{"allow":["GET"]}}],"collection":[{"href":"https:\/\/athlon-sportmanagement.com\/de\/wp-json\/wp\/v2\/pages"}],"about":[{"href":"https:\/\/athlon-sportmanagement.com\/de\/wp-json\/wp\/v2\/types\/page"}],"author":[{"embeddable":true,"href":"https:\/\/athlon-sportmanagement.com\/de\/wp-json\/wp\/v2\/users\/1"}],"replies":[{"embeddable":true,"href":"https:\/\/athlon-sportmanagement.com\/de\/wp-json\/wp\/v2\/comments?post=5206"}],"version-history":[{"count":5,"href":"https:\/\/athlon-sportmanagement.com\/de\/wp-json\/wp\/v2\/pages\/5206\/revisions"}],"predecessor-version":[{"id":7437,"href":"https:\/\/athlon-sportmanagement.com\/de\/wp-json\/wp\/v2\/pages\/5206\/revisions\/7437"}],"wp:attachment":[{"href":"https:\/\/athlon-sportmanagement.com\/de\/wp-json\/wp\/v2\/media?parent=5206"}],"curies":[{"name":"wp","href":"https:\/\/api.w.org\/{rel}","templated":true}]}}