{"id":5574,"date":"2016-12-03T15:44:41","date_gmt":"2016-12-03T15:44:41","guid":{"rendered":"http:\/\/demo.wpzoom.com\/inspiro\/?page_id=5574"},"modified":"2022-07-26T07:36:25","modified_gmt":"2022-07-26T07:36:25","slug":"services","status":"publish","type":"page","link":"https:\/\/athlon-sportmanagement.com\/de\/services\/","title":{"rendered":"Services"},"content":{"rendered":"<body>\t\t<div data-elementor-type=\"wp-page\" data-elementor-id=\"5574\" class=\"elementor elementor-5574\">\n\t\t\t\t\t\t<section class=\"elementor-section elementor-top-section elementor-element elementor-element-8215ffe elementor-section-content-space-between elementor-section-boxed elementor-section-height-default elementor-section-height-default\" data-id=\"8215ffe\" data-element_type=\"section\">\n\t\t\t\t\t\t<div class=\"elementor-container elementor-column-gap-default\">\n\t\t\t\t\t<div class=\"elementor-column elementor-col-25 elementor-top-column elementor-element elementor-element-b47e826\" data-id=\"b47e826\" data-element_type=\"column\" data-settings=\"{&quot;background_background&quot;:&quot;classic&quot;}\">\n\t\t\t<div class=\"elementor-widget-wrap elementor-element-populated\">\n\t\t\t\t\t<div class=\"elementor-background-overlay\"><\/div>\n\t\t\t\t\t\t<div class=\"elementor-element elementor-element-c73d35e elementor-widget elementor-widget-heading\" data-id=\"c73d35e\" data-element_type=\"widget\" data-widget_type=\"heading.default\">\n\t\t\t\t<div class=\"elementor-widget-container\">\n\t\t\t\t\t<h2 class=\"elementor-heading-title elementor-size-default\">Karriereplanung<\/h2>\t\t\t\t<\/div>\n\t\t\t\t<\/div>\n\t\t\t\t<div class=\"elementor-element elementor-element-f65bd50 elementor-widget elementor-widget-text-editor\" data-id=\"f65bd50\" data-element_type=\"widget\" data-widget_type=\"text-editor.default\">\n\t\t\t\t<div class=\"elementor-widget-container\">\n\t\t\t\t\t\t\t\t\t<p>Wir planen deinen Erfolg als Fu\u00dfballspieler strategisch und best\u00e4ndig. Wir identifizieren deine St\u00e4rken und arbeiten auf den n\u00e4chsten erfolgreichen Transfer hin.<\/p>\t\t\t\t\t\t\t\t<\/div>\n\t\t\t\t<\/div>\n\t\t\t\t<div class=\"elementor-element elementor-element-ad9c133 elementor-align-center elementor-widget elementor-widget-button\" data-id=\"ad9c133\" data-element_type=\"widget\" data-widget_type=\"button.default\">\n\t\t\t\t<div class=\"elementor-widget-container\">\n\t\t\t\t\t\t\t\t\t<div class=\"elementor-button-wrapper\">\n\t\t\t\t\t<a class=\"elementor-button elementor-button-link elementor-size-md\" href=\"\/de\/career-planning\/\">\n\t\t\t\t\t\t<span class=\"elementor-button-content-wrapper\">\n\t\t\t\t\t\t\t\t\t<span class=\"elementor-button-text\">Mehr erfahren<\/span>\n\t\t\t\t\t<\/span>\n\t\t\t\t\t<\/a>\n\t\t\t\t<\/div>\n\t\t\t\t\t\t\t\t<\/div>\n\t\t\t\t<\/div>\n\t\t\t\t\t<\/div>\n\t\t<\/div>\n\t\t\t\t<div class=\"elementor-column elementor-col-25 elementor-top-column elementor-element elementor-element-dbf6a70\" data-id=\"dbf6a70\" data-element_type=\"column\" data-settings=\"{&quot;background_background&quot;:&quot;classic&quot;}\">\n\t\t\t<div class=\"elementor-widget-wrap elementor-element-populated\">\n\t\t\t\t\t<div class=\"elementor-background-overlay\"><\/div>\n\t\t\t\t\t\t<div class=\"elementor-element elementor-element-0c8e72f elementor-widget elementor-widget-heading\" data-id=\"0c8e72f\" data-element_type=\"widget\" data-widget_type=\"heading.default\">\n\t\t\t\t<div class=\"elementor-widget-container\">\n\t\t\t\t\t<h2 class=\"elementor-heading-title elementor-size-default\">Communication &amp; Coaching<\/h2>\t\t\t\t<\/div>\n\t\t\t\t<\/div>\n\t\t\t\t<div class=\"elementor-element elementor-element-1ddc539 elementor-widget elementor-widget-text-editor\" data-id=\"1ddc539\" data-element_type=\"widget\" data-widget_type=\"text-editor.default\">\n\t\t\t\t<div class=\"elementor-widget-container\">\n\t\t\t\t\t\t\t\t\t<p>Das einerseits k\u00f6rperliche, aber auch emotionale Training bildet neben deinem Erfolg die Basis f\u00fcr dein pers\u00f6nliches Gl\u00fcck.<\/p>\t\t\t\t\t\t\t\t<\/div>\n\t\t\t\t<\/div>\n\t\t\t\t<div class=\"elementor-element elementor-element-1b30401 elementor-align-center elementor-widget elementor-widget-button\" data-id=\"1b30401\" data-element_type=\"widget\" data-widget_type=\"button.default\">\n\t\t\t\t<div class=\"elementor-widget-container\">\n\t\t\t\t\t\t\t\t\t<div class=\"elementor-button-wrapper\">\n\t\t\t\t\t<a class=\"elementor-button elementor-button-link elementor-size-md\" href=\"\/de\/communication-coaching\/\">\n\t\t\t\t\t\t<span class=\"elementor-button-content-wrapper\">\n\t\t\t\t\t\t\t\t\t<span class=\"elementor-button-text\">Mehr erfahren<\/span>\n\t\t\t\t\t<\/span>\n\t\t\t\t\t<\/a>\n\t\t\t\t<\/div>\n\t\t\t\t\t\t\t\t<\/div>\n\t\t\t\t<\/div>\n\t\t\t\t\t<\/div>\n\t\t<\/div>\n\t\t\t\t<div class=\"elementor-column elementor-col-25 elementor-top-column elementor-element elementor-element-54f460a\" data-id=\"54f460a\" data-element_type=\"column\" data-settings=\"{&quot;background_background&quot;:&quot;classic&quot;}\">\n\t\t\t<div class=\"elementor-widget-wrap elementor-element-populated\">\n\t\t\t\t\t<div class=\"elementor-background-overlay\"><\/div>\n\t\t\t\t\t\t<div class=\"elementor-element elementor-element-d89c032 elementor-widget elementor-widget-heading\" data-id=\"d89c032\" data-element_type=\"widget\" data-widget_type=\"heading.default\">\n\t\t\t\t<div class=\"elementor-widget-container\">\n\t\t\t\t\t<h2 class=\"elementor-heading-title elementor-size-default\">Vermarktung<\/h2>\t\t\t\t<\/div>\n\t\t\t\t<\/div>\n\t\t\t\t<div class=\"elementor-element elementor-element-727db3f elementor-widget elementor-widget-text-editor\" data-id=\"727db3f\" data-element_type=\"widget\" data-widget_type=\"text-editor.default\">\n\t\t\t\t<div class=\"elementor-widget-container\">\n\t\t\t\t\t\t\t\t\t<p>Dein Image ist ebenso wichtig wie dein Talent. Nicht alles was gl\u00e4nzt ist Gold. Durch sorgf\u00e4ltige Zusammenarbeit bauen wir das richtige Marketingkonzept f\u00fcr dich auf.\u00a0<\/p>\t\t\t\t\t\t\t\t<\/div>\n\t\t\t\t<\/div>\n\t\t\t\t<div class=\"elementor-element elementor-element-9a78ae6 elementor-align-center elementor-widget elementor-widget-button\" data-id=\"9a78ae6\" data-element_type=\"widget\" data-widget_type=\"button.default\">\n\t\t\t\t<div class=\"elementor-widget-container\">\n\t\t\t\t\t\t\t\t\t<div class=\"elementor-button-wrapper\">\n\t\t\t\t\t<a class=\"elementor-button elementor-button-link elementor-size-md\" href=\"\/de\/marketing\/\">\n\t\t\t\t\t\t<span class=\"elementor-button-content-wrapper\">\n\t\t\t\t\t\t\t\t\t<span class=\"elementor-button-text\">Mehr erfahren<\/span>\n\t\t\t\t\t<\/span>\n\t\t\t\t\t<\/a>\n\t\t\t\t<\/div>\n\t\t\t\t\t\t\t\t<\/div>\n\t\t\t\t<\/div>\n\t\t\t\t\t<\/div>\n\t\t<\/div>\n\t\t\t\t<div class=\"elementor-column elementor-col-25 elementor-top-column elementor-element elementor-element-214b4f9\" data-id=\"214b4f9\" data-element_type=\"column\" data-settings=\"{&quot;background_background&quot;:&quot;classic&quot;}\">\n\t\t\t<div class=\"elementor-widget-wrap elementor-element-populated\">\n\t\t\t\t\t<div class=\"elementor-background-overlay\"><\/div>\n\t\t\t\t\t\t<div class=\"elementor-element elementor-element-cd79e0e elementor-widget elementor-widget-heading\" data-id=\"cd79e0e\" data-element_type=\"widget\" data-widget_type=\"heading.default\">\n\t\t\t\t<div class=\"elementor-widget-container\">\n\t\t\t\t\t<h2 class=\"elementor-heading-title elementor-size-default\">Legal &amp; Finanace<\/h2>\t\t\t\t<\/div>\n\t\t\t\t<\/div>\n\t\t\t\t<div class=\"elementor-element elementor-element-9d2e8ae elementor-widget elementor-widget-text-editor\" data-id=\"9d2e8ae\" data-element_type=\"widget\" data-widget_type=\"text-editor.default\">\n\t\t\t\t<div class=\"elementor-widget-container\">\n\t\t\t\t\t\t\t\t\t<p>Finanzplanung, Steuerberatung, Versicherungen, Risikomanagement. Alles wichtige Aspekte, die bei deiner sportlichen Karriere nicht fehlen d\u00fcrfen. Bei Athlon Sportmanagement findest du alles unter einem Dach.<\/p>\t\t\t\t\t\t\t\t<\/div>\n\t\t\t\t<\/div>\n\t\t\t\t<div class=\"elementor-element elementor-element-2bda1cf elementor-align-center elementor-widget elementor-widget-button\" data-id=\"2bda1cf\" data-element_type=\"widget\" data-widget_type=\"button.default\">\n\t\t\t\t<div class=\"elementor-widget-container\">\n\t\t\t\t\t\t\t\t\t<div class=\"elementor-button-wrapper\">\n\t\t\t\t\t<a class=\"elementor-button elementor-button-link elementor-size-md\" href=\"\/de\/legal-finance\/\">\n\t\t\t\t\t\t<span class=\"elementor-button-content-wrapper\">\n\t\t\t\t\t\t\t\t\t<span class=\"elementor-button-text\">Mehr erfahren<\/span>\n\t\t\t\t\t<\/span>\n\t\t\t\t\t<\/a>\n\t\t\t\t<\/div>\n\t\t\t\t\t\t\t\t<\/div>\n\t\t\t\t<\/div>\n\t\t\t\t\t<\/div>\n\t\t<\/div>\n\t\t\t\t\t<\/div>\n\t\t<\/section>\n\t\t\t\t<section class=\"elementor-section elementor-top-section elementor-element elementor-element-15fa8825 elementor-section-boxed elementor-section-height-default elementor-section-height-default\" data-id=\"15fa8825\" data-element_type=\"section\">\n\t\t\t\t\t\t<div class=\"elementor-container elementor-column-gap-no\">\n\t\t\t\t\t<div class=\"elementor-column elementor-col-100 elementor-top-column elementor-element elementor-element-28bbf67e\" data-id=\"28bbf67e\" data-element_type=\"column\">\n\t\t\t<div class=\"elementor-widget-wrap elementor-element-populated\">\n\t\t\t\t\t\t<div class=\"elementor-element elementor-element-58b47dc5 elementor-widget elementor-widget-heading\" data-id=\"58b47dc5\" data-element_type=\"widget\" data-widget_type=\"heading.default\">\n\t\t\t\t<div class=\"elementor-widget-container\">\n\t\t\t\t\t<h2 class=\"elementor-heading-title elementor-size-default\">Expertise<\/h2>\t\t\t\t<\/div>\n\t\t\t\t<\/div>\n\t\t\t\t<section class=\"elementor-section elementor-inner-section elementor-element elementor-element-21299e04 elementor-section-boxed elementor-section-height-default elementor-section-height-default\" data-id=\"21299e04\" data-element_type=\"section\">\n\t\t\t\t\t\t<div class=\"elementor-container elementor-column-gap-default\">\n\t\t\t\t\t<div class=\"elementor-column elementor-col-50 elementor-inner-column elementor-element elementor-element-284080fc\" data-id=\"284080fc\" data-element_type=\"column\">\n\t\t\t<div class=\"elementor-widget-wrap elementor-element-populated\">\n\t\t\t\t\t\t<div class=\"elementor-element elementor-element-3569cd00 elementor-widget elementor-widget-heading\" data-id=\"3569cd00\" data-element_type=\"widget\" data-widget_type=\"heading.default\">\n\t\t\t\t<div class=\"elementor-widget-container\">\n\t\t\t\t\t<span class=\"elementor-heading-title elementor-size-default\">18<\/span>\t\t\t\t<\/div>\n\t\t\t\t<\/div>\n\t\t\t\t<div class=\"elementor-element elementor-element-7a3d4b05 elementor-widget elementor-widget-text-editor\" data-id=\"7a3d4b05\" data-element_type=\"widget\" data-widget_type=\"text-editor.default\">\n\t\t\t\t<div class=\"elementor-widget-container\">\n\t\t\t\t\t\t\t\t\t<p><em>collaboration<\/em><\/p>\t\t\t\t\t\t\t\t<\/div>\n\t\t\t\t<\/div>\n\t\t\t\t\t<\/div>\n\t\t<\/div>\n\t\t\t\t<div class=\"elementor-column elementor-col-50 elementor-inner-column elementor-element elementor-element-351e3e43\" data-id=\"351e3e43\" data-element_type=\"column\">\n\t\t\t<div class=\"elementor-widget-wrap elementor-element-populated\">\n\t\t\t\t\t\t<div class=\"elementor-element elementor-element-3cb8af80 elementor-widget elementor-widget-heading\" data-id=\"3cb8af80\" data-element_type=\"widget\" data-widget_type=\"heading.default\">\n\t\t\t\t<div class=\"elementor-widget-container\">\n\t\t\t\t\t<span class=\"elementor-heading-title elementor-size-default\">7<\/span>\t\t\t\t<\/div>\n\t\t\t\t<\/div>\n\t\t\t\t<div class=\"elementor-element elementor-element-7aa6b29d elementor-widget elementor-widget-text-editor\" data-id=\"7aa6b29d\" data-element_type=\"widget\" data-widget_type=\"text-editor.default\">\n\t\t\t\t<div class=\"elementor-widget-container\">\n\t\t\t\t\t\t\t\t\t<p>career trades<\/p>\t\t\t\t\t\t\t\t<\/div>\n\t\t\t\t<\/div>\n\t\t\t\t\t<\/div>\n\t\t<\/div>\n\t\t\t\t\t<\/div>\n\t\t<\/section>\n\t\t\t\t<section class=\"elementor-section elementor-inner-section elementor-element elementor-element-dc798eb elementor-section-boxed elementor-section-height-default elementor-section-height-default\" data-id=\"dc798eb\" data-element_type=\"section\">\n\t\t\t\t\t\t<div class=\"elementor-container elementor-column-gap-default\">\n\t\t\t\t\t<div class=\"elementor-column elementor-col-100 elementor-inner-column elementor-element elementor-element-fa12ea2\" data-id=\"fa12ea2\" data-element_type=\"column\">\n\t\t\t<div class=\"elementor-widget-wrap elementor-element-populated\">\n\t\t\t\t\t\t<div class=\"elementor-element elementor-element-2d62a87 elementor-widget elementor-widget-wpzoom-elementor-addons-carousel\" data-id=\"2d62a87\" data-element_type=\"widget\" data-settings=\"{&quot;autoplay_speed&quot;:2000,&quot;slides_to_show&quot;:&quot;2&quot;,&quot;animation_speed&quot;:300,&quot;autoplay&quot;:&quot;yes&quot;,&quot;loop&quot;:&quot;yes&quot;,&quot;navigation&quot;:&quot;arrow&quot;,&quot;slides_to_show_tablet&quot;:3,&quot;slides_to_show_mobile&quot;:2}\" data-widget_type=\"wpzoom-elementor-addons-carousel.default\">\n\t\t\t\t<div class=\"elementor-widget-container\">\n\t\t\t\t\t<div class=\"wpzjs-slick wpz-slick wpz-slick--carousel\">\n\n\t\t\t\n\t\t\t\t<div class=\"wpz-slick-slide\">\n\t\t\t\t\t<div class=\"wpz-slick-item\">\n\t\t\t\t\t\t\t\t\t\t\t\t\t<img decoding=\"async\" class=\"wpz-slick-img\" src=\"https:\/\/i0.wp.com\/athlon-sportmanagement.com\/wp-content\/uploads\/2022\/07\/football-club-2.jpg?fit=640%2C427&amp;ssl=1\" alt=\"football management athlon\" loading=\"lazy\">\n\t\t\t\t\t\t\n\t\t\t\t\t\t\t\t\t\t\t<\/div>\n\t\t\t\t<\/div>\n\n\t\t\t\n\t\t\t\t<div class=\"wpz-slick-slide\">\n\t\t\t\t\t<div class=\"wpz-slick-item\">\n\t\t\t\t\t\t\t\t\t\t\t\t\t<img decoding=\"async\" class=\"wpz-slick-img\" src=\"https:\/\/i0.wp.com\/athlon-sportmanagement.com\/wp-content\/uploads\/2022\/07\/match_goal_success.jpg?fit=640%2C427&amp;ssl=1\" alt=\"management football congrats\" loading=\"lazy\">\n\t\t\t\t\t\t\n\t\t\t\t\t\t\t\t\t\t\t<\/div>\n\t\t\t\t<\/div>\n\n\t\t\t\n\t\t\t\t<div class=\"wpz-slick-slide\">\n\t\t\t\t\t<div class=\"wpz-slick-item\">\n\t\t\t\t\t\t\t\t\t\t\t\t\t<img decoding=\"async\" class=\"wpz-slick-img\" src=\"https:\/\/i0.wp.com\/athlon-sportmanagement.com\/wp-content\/uploads\/2022\/07\/exercise_football.jpg?fit=640%2C427&amp;ssl=1\" alt=\"\" loading=\"lazy\">\n\t\t\t\t\t\t\n\t\t\t\t\t\t\t\t\t\t\t<\/div>\n\t\t\t\t<\/div>\n\n\t\t\t\n\t\t\t\t<div class=\"wpz-slick-slide\">\n\t\t\t\t\t<div class=\"wpz-slick-item\">\n\t\t\t\t\t\t\t\t\t\t\t\t\t<img decoding=\"async\" class=\"wpz-slick-img\" src=\"https:\/\/i0.wp.com\/athlon-sportmanagement.com\/wp-content\/uploads\/2022\/07\/football-club.jpg?fit=640%2C427&amp;ssl=1\" alt=\"\" loading=\"lazy\">\n\t\t\t\t\t\t\n\t\t\t\t\t\t\t\t\t\t\t<\/div>\n\t\t\t\t<\/div>\n\n\t\t\t\n\t\t\t\t<div class=\"wpz-slick-slide\">\n\t\t\t\t\t<div class=\"wpz-slick-item\">\n\t\t\t\t\t\t\t\t\t\t\t\t\t<img decoding=\"async\" class=\"wpz-slick-img\" src=\"https:\/\/i0.wp.com\/athlon-sportmanagement.com\/wp-content\/uploads\/2022\/07\/night_stadium_players.jpg?fit=640%2C360&amp;ssl=1\" alt=\"night stadium players\" loading=\"lazy\">\n\t\t\t\t\t\t\n\t\t\t\t\t\t\t\t\t\t\t<\/div>\n\t\t\t\t<\/div>\n\n\t\t\t\n\t\t<\/div>\n\n\t\t\t\t\t<button type=\"button\" class=\"slick-prev\"><i aria-hidden=\"true\" class=\"fas fa-chevron-left\"><\/i><\/button>\n\t\t\n\t\t\t\t\t<button type=\"button\" class=\"slick-next\"><i aria-hidden=\"true\" class=\"fas fa-chevron-right\"><\/i><\/button>\n\t\t\n\t\t\t\t\t\t<\/div>\n\t\t\t\t<\/div>\n\t\t\t\t\t<\/div>\n\t\t<\/div>\n\t\t\t\t\t<\/div>\n\t\t<\/section>\n\t\t\t\t\t<\/div>\n\t\t<\/div>\n\t\t\t\t\t<\/div>\n\t\t<\/section>\n\t\t\t\t<\/div>\n\t\t<\/body>","protected":false},"excerpt":{"rendered":"<p>Career planning Being strategic and constant, planing your absolut success as a football player. Identify your strengths and work towards the next successful transfer. Learn more Communication &amp; Coaching How to effectively deal and\u00a0 interact with the Media. Physical and emotianal coaching: the basis for your happiness, next to your success. Learn more Marketing Your &hellip; <\/p>\n<p class=\"link-more\"><a href=\"https:\/\/athlon-sportmanagement.com\/de\/services\/\" class=\"more-link\">Mehr <span class=\"screen-reader-text\">\u00fcber &#8220;Services&#8221; <\/span>Lesen<\/a><\/p>","protected":false},"author":1,"featured_media":0,"parent":0,"menu_order":0,"comment_status":"closed","ping_status":"closed","template":"page-templates\/full-width-builder-bb.php","meta":{"nf_dc_page":"","om_disable_all_campaigns":false,"inline_featured_image":false,"_monsterinsights_skip_tracking":false,"_monsterinsights_sitenote_active":false,"_monsterinsights_sitenote_note":"","_monsterinsights_sitenote_category":0,"footnotes":""},"class_list":["post-5574","page","type-page","status-publish","hentry"],"yoast_head":"<!-- This site is optimized with the Yoast SEO plugin v26.9 - https:\/\/yoast.com\/product\/yoast-seo-wordpress\/ -->\n<title>Services - Athlon Sport Management<\/title>\n<meta name=\"description\" content=\"Our services. Career planning, communication &amp; coaching, marketing, legal &amp; finance.\" \/>\n<meta name=\"robots\" content=\"index, follow, max-snippet:-1, max-image-preview:large, max-video-preview:-1\" \/>\n<link rel=\"canonical\" href=\"https:\/\/athlon-sportmanagement.com\/de\/services\/\" \/>\n<meta property=\"og:locale\" content=\"de_DE\" \/>\n<meta property=\"og:type\" content=\"article\" \/>\n<meta property=\"og:title\" content=\"Services - Athlon Sport Management\" \/>\n<meta property=\"og:description\" content=\"Our services. Career planning, communication &amp; coaching, marketing, legal &amp; finance.\" \/>\n<meta property=\"og:url\" content=\"https:\/\/athlon-sportmanagement.com\/de\/services\/\" \/>\n<meta property=\"og:site_name\" content=\"Athlon Sport Management\" \/>\n<meta property=\"article:publisher\" content=\"https:\/\/www.facebook.com\/people\/Athlon-Sportmanagement\/100083543013209\/\" \/>\n<meta property=\"article:modified_time\" content=\"2022-07-26T07:36:25+00:00\" \/>\n<meta property=\"og:image\" content=\"https:\/\/athlon-sportmanagement.com\/wp-content\/uploads\/2022\/07\/football-club-2.jpg\" \/>\n<meta name=\"twitter:card\" content=\"summary_large_image\" \/>\n<meta name=\"twitter:label1\" content=\"Gesch\u00e4tzte Lesezeit\" \/>\n\t<meta name=\"twitter:data1\" content=\"3\u00a0Minuten\" \/>\n<script type=\"application\/ld+json\" class=\"yoast-schema-graph\">{\"@context\":\"https:\/\/schema.org\",\"@graph\":[{\"@type\":\"WebPage\",\"@id\":\"https:\/\/athlon-sportmanagement.com\/services\/\",\"url\":\"https:\/\/athlon-sportmanagement.com\/services\/\",\"name\":\"Services - Athlon Sport Management\",\"isPartOf\":{\"@id\":\"https:\/\/athlon-sportmanagement.com\/#website\"},\"primaryImageOfPage\":{\"@id\":\"https:\/\/athlon-sportmanagement.com\/services\/#primaryimage\"},\"image\":{\"@id\":\"https:\/\/athlon-sportmanagement.com\/services\/#primaryimage\"},\"thumbnailUrl\":\"https:\/\/athlon-sportmanagement.com\/wp-content\/uploads\/2022\/07\/football-club-2.jpg\",\"datePublished\":\"2016-12-03T15:44:41+00:00\",\"dateModified\":\"2022-07-26T07:36:25+00:00\",\"description\":\"Our services. Career planning, communication & coaching, marketing, legal & finance.\",\"breadcrumb\":{\"@id\":\"https:\/\/athlon-sportmanagement.com\/services\/#breadcrumb\"},\"inLanguage\":\"de\",\"potentialAction\":[{\"@type\":\"ReadAction\",\"target\":[\"https:\/\/athlon-sportmanagement.com\/services\/\"]}]},{\"@type\":\"ImageObject\",\"inLanguage\":\"de\",\"@id\":\"https:\/\/athlon-sportmanagement.com\/services\/#primaryimage\",\"url\":\"https:\/\/athlon-sportmanagement.com\/wp-content\/uploads\/2022\/07\/football-club-2.jpg\",\"contentUrl\":\"https:\/\/athlon-sportmanagement.com\/wp-content\/uploads\/2022\/07\/football-club-2.jpg\"},{\"@type\":\"BreadcrumbList\",\"@id\":\"https:\/\/athlon-sportmanagement.com\/services\/#breadcrumb\",\"itemListElement\":[{\"@type\":\"ListItem\",\"position\":1,\"name\":\"Home\",\"item\":\"https:\/\/athlon-sportmanagement.com\/de\/\"},{\"@type\":\"ListItem\",\"position\":2,\"name\":\"Services\"}]},{\"@type\":\"WebSite\",\"@id\":\"https:\/\/athlon-sportmanagement.com\/#website\",\"url\":\"https:\/\/athlon-sportmanagement.com\/\",\"name\":\"Athlon Sport Management\",\"description\":\"Football Player Agent\",\"publisher\":{\"@id\":\"https:\/\/athlon-sportmanagement.com\/#organization\"},\"potentialAction\":[{\"@type\":\"SearchAction\",\"target\":{\"@type\":\"EntryPoint\",\"urlTemplate\":\"https:\/\/athlon-sportmanagement.com\/?s={search_term_string}\"},\"query-input\":{\"@type\":\"PropertyValueSpecification\",\"valueRequired\":true,\"valueName\":\"search_term_string\"}}],\"inLanguage\":\"de\"},{\"@type\":\"Organization\",\"@id\":\"https:\/\/athlon-sportmanagement.com\/#organization\",\"name\":\"Athlon Sport Management\",\"url\":\"https:\/\/athlon-sportmanagement.com\/\",\"logo\":{\"@type\":\"ImageObject\",\"inLanguage\":\"de\",\"@id\":\"https:\/\/athlon-sportmanagement.com\/#\/schema\/logo\/image\/\",\"url\":\"https:\/\/i0.wp.com\/athlon-sportmanagement.com\/wp-content\/uploads\/2022\/07\/logo-print-hd-transparent.png?fit=3000%2C1455&ssl=1\",\"contentUrl\":\"https:\/\/i0.wp.com\/athlon-sportmanagement.com\/wp-content\/uploads\/2022\/07\/logo-print-hd-transparent.png?fit=3000%2C1455&ssl=1\",\"width\":3000,\"height\":1455,\"caption\":\"Athlon Sport Management\"},\"image\":{\"@id\":\"https:\/\/athlon-sportmanagement.com\/#\/schema\/logo\/image\/\"},\"sameAs\":[\"https:\/\/www.facebook.com\/people\/Athlon-Sportmanagement\/100083543013209\/\",\"https:\/\/www.instagram.com\/athlonsportmanagement\/\"]}]}<\/script>\n<!-- \/ Yoast SEO plugin. -->","yoast_head_json":{"title":"Services - Athlon Sport Management","description":"Our services. Career planning, communication & coaching, marketing, legal & finance.","robots":{"index":"index","follow":"follow","max-snippet":"max-snippet:-1","max-image-preview":"max-image-preview:large","max-video-preview":"max-video-preview:-1"},"canonical":"https:\/\/athlon-sportmanagement.com\/de\/services\/","og_locale":"de_DE","og_type":"article","og_title":"Services - Athlon Sport Management","og_description":"Our services. Career planning, communication & coaching, marketing, legal & finance.","og_url":"https:\/\/athlon-sportmanagement.com\/de\/services\/","og_site_name":"Athlon Sport Management","article_publisher":"https:\/\/www.facebook.com\/people\/Athlon-Sportmanagement\/100083543013209\/","article_modified_time":"2022-07-26T07:36:25+00:00","og_image":[{"url":"https:\/\/athlon-sportmanagement.com\/wp-content\/uploads\/2022\/07\/football-club-2.jpg","type":"","width":"","height":""}],"twitter_card":"summary_large_image","twitter_misc":{"Gesch\u00e4tzte Lesezeit":"3\u00a0Minuten"},"schema":{"@context":"https:\/\/schema.org","@graph":[{"@type":"WebPage","@id":"https:\/\/athlon-sportmanagement.com\/services\/","url":"https:\/\/athlon-sportmanagement.com\/services\/","name":"Services - Athlon Sport Management","isPartOf":{"@id":"https:\/\/athlon-sportmanagement.com\/#website"},"primaryImageOfPage":{"@id":"https:\/\/athlon-sportmanagement.com\/services\/#primaryimage"},"image":{"@id":"https:\/\/athlon-sportmanagement.com\/services\/#primaryimage"},"thumbnailUrl":"https:\/\/athlon-sportmanagement.com\/wp-content\/uploads\/2022\/07\/football-club-2.jpg","datePublished":"2016-12-03T15:44:41+00:00","dateModified":"2022-07-26T07:36:25+00:00","description":"Our services. Career planning, communication & coaching, marketing, legal & finance.","breadcrumb":{"@id":"https:\/\/athlon-sportmanagement.com\/services\/#breadcrumb"},"inLanguage":"de","potentialAction":[{"@type":"ReadAction","target":["https:\/\/athlon-sportmanagement.com\/services\/"]}]},{"@type":"ImageObject","inLanguage":"de","@id":"https:\/\/athlon-sportmanagement.com\/services\/#primaryimage","url":"https:\/\/athlon-sportmanagement.com\/wp-content\/uploads\/2022\/07\/football-club-2.jpg","contentUrl":"https:\/\/athlon-sportmanagement.com\/wp-content\/uploads\/2022\/07\/football-club-2.jpg"},{"@type":"BreadcrumbList","@id":"https:\/\/athlon-sportmanagement.com\/services\/#breadcrumb","itemListElement":[{"@type":"ListItem","position":1,"name":"Home","item":"https:\/\/athlon-sportmanagement.com\/de\/"},{"@type":"ListItem","position":2,"name":"Services"}]},{"@type":"WebSite","@id":"https:\/\/athlon-sportmanagement.com\/#website","url":"https:\/\/athlon-sportmanagement.com\/","name":"Athlon Sport Management","description":"Football Player Agent","publisher":{"@id":"https:\/\/athlon-sportmanagement.com\/#organization"},"potentialAction":[{"@type":"SearchAction","target":{"@type":"EntryPoint","urlTemplate":"https:\/\/athlon-sportmanagement.com\/?s={search_term_string}"},"query-input":{"@type":"PropertyValueSpecification","valueRequired":true,"valueName":"search_term_string"}}],"inLanguage":"de"},{"@type":"Organization","@id":"https:\/\/athlon-sportmanagement.com\/#organization","name":"Athlon Sport Management","url":"https:\/\/athlon-sportmanagement.com\/","logo":{"@type":"ImageObject","inLanguage":"de","@id":"https:\/\/athlon-sportmanagement.com\/#\/schema\/logo\/image\/","url":"https:\/\/i0.wp.com\/athlon-sportmanagement.com\/wp-content\/uploads\/2022\/07\/logo-print-hd-transparent.png?fit=3000%2C1455&ssl=1","contentUrl":"https:\/\/i0.wp.com\/athlon-sportmanagement.com\/wp-content\/uploads\/2022\/07\/logo-print-hd-transparent.png?fit=3000%2C1455&ssl=1","width":3000,"height":1455,"caption":"Athlon Sport Management"},"image":{"@id":"https:\/\/athlon-sportmanagement.com\/#\/schema\/logo\/image\/"},"sameAs":["https:\/\/www.facebook.com\/people\/Athlon-Sportmanagement\/100083543013209\/","https:\/\/www.instagram.com\/athlonsportmanagement\/"]}]}},"jetpack_sharing_enabled":true,"featured_media_urls":[],"_links":{"self":[{"href":"https:\/\/athlon-sportmanagement.com\/de\/wp-json\/wp\/v2\/pages\/5574","targetHints":{"allow":["GET"]}}],"collection":[{"href":"https:\/\/athlon-sportmanagement.com\/de\/wp-json\/wp\/v2\/pages"}],"about":[{"href":"https:\/\/athlon-sportmanagement.com\/de\/wp-json\/wp\/v2\/types\/page"}],"author":[{"embeddable":true,"href":"https:\/\/athlon-sportmanagement.com\/de\/wp-json\/wp\/v2\/users\/1"}],"replies":[{"embeddable":true,"href":"https:\/\/athlon-sportmanagement.com\/de\/wp-json\/wp\/v2\/comments?post=5574"}],"version-history":[{"count":5,"href":"https:\/\/athlon-sportmanagement.com\/de\/wp-json\/wp\/v2\/pages\/5574\/revisions"}],"predecessor-version":[{"id":7238,"href":"https:\/\/athlon-sportmanagement.com\/de\/wp-json\/wp\/v2\/pages\/5574\/revisions\/7238"}],"wp:attachment":[{"href":"https:\/\/athlon-sportmanagement.com\/de\/wp-json\/wp\/v2\/media?parent=5574"}],"curies":[{"name":"wp","href":"https:\/\/api.w.org\/{rel}","templated":true}]}}