{"id":6767,"date":"2022-07-11T12:27:16","date_gmt":"2022-07-11T12:27:16","guid":{"rendered":"http:\/\/box2053.temp.domains\/~athlonsp\/?page_id=6767"},"modified":"2022-07-26T07:37:57","modified_gmt":"2022-07-26T07:37:57","slug":"career-planning","status":"publish","type":"page","link":"https:\/\/athlon-sportmanagement.com\/de\/career-planning\/","title":{"rendered":"Karriereplanung"},"content":{"rendered":"<body>\t\t<div data-elementor-type=\"wp-page\" data-elementor-id=\"6767\" class=\"elementor elementor-6767\">\n\t\t\t\t\t\t<section class=\"elementor-section elementor-top-section elementor-element elementor-element-837f2ef elementor-section-boxed elementor-section-height-default elementor-section-height-default\" data-id=\"837f2ef\" data-element_type=\"section\">\n\t\t\t\t\t\t<div class=\"elementor-container elementor-column-gap-default\">\n\t\t\t\t\t<div class=\"elementor-column elementor-col-66 elementor-top-column elementor-element elementor-element-161f116\" data-id=\"161f116\" data-element_type=\"column\">\n\t\t\t<div class=\"elementor-widget-wrap elementor-element-populated\">\n\t\t\t\t\t\t<section class=\"elementor-section elementor-inner-section elementor-element elementor-element-05ab891 elementor-section-full_width elementor-section-height-default elementor-section-height-default\" data-id=\"05ab891\" data-element_type=\"section\">\n\t\t\t\t\t\t<div class=\"elementor-container elementor-column-gap-no\">\n\t\t\t\t\t<div class=\"elementor-column elementor-col-100 elementor-inner-column elementor-element elementor-element-de38d0e\" data-id=\"de38d0e\" data-element_type=\"column\">\n\t\t\t<div class=\"elementor-widget-wrap elementor-element-populated\">\n\t\t\t\t\t\t<div class=\"elementor-element elementor-element-99618a8 elementor-widget elementor-widget-text-editor\" data-id=\"99618a8\" data-element_type=\"widget\" data-widget_type=\"text-editor.default\">\n\t\t\t\t<div class=\"elementor-widget-container\">\n\t\t\t\t\t\t\t\t\t<p>Von Beginn an, setzten wir gro\u00dfe Priorit\u00e4t darauf, dass wir deine sportliche Zukunft gemeinsam mit deiner Familie planen, denn diese ist ein fester Bestandteil deines Werdegangs.<\/p>\t\t\t\t\t\t\t\t<\/div>\n\t\t\t\t<\/div>\n\t\t\t\t\t<\/div>\n\t\t<\/div>\n\t\t\t\t\t<\/div>\n\t\t<\/section>\n\t\t\t\t<section class=\"elementor-section elementor-inner-section elementor-element elementor-element-b070b17 elementor-section-full_width elementor-section-height-default elementor-section-height-default\" data-id=\"b070b17\" data-element_type=\"section\">\n\t\t\t\t\t\t<div class=\"elementor-container elementor-column-gap-no\">\n\t\t\t\t\t<div class=\"elementor-column elementor-col-100 elementor-inner-column elementor-element elementor-element-b0c745c\" data-id=\"b0c745c\" data-element_type=\"column\">\n\t\t\t<div class=\"elementor-widget-wrap elementor-element-populated\">\n\t\t\t\t\t\t<div class=\"elementor-element elementor-element-334f606 elementor-widget elementor-widget-text-editor\" data-id=\"334f606\" data-element_type=\"widget\" data-widget_type=\"text-editor.default\">\n\t\t\t\t<div class=\"elementor-widget-container\">\n\t\t\t\t\t\t\t\t\tJeder Spieler hat seine eigenen individuellen St\u00e4rken. Deshalb beginnen wir schon fr\u00fch damit, deine Kompetenzen und F\u00e4higkeiten unter die Lupe zu nehmen. Neben der Begleitung bei Spielen legen wir au\u00dferdem viel Wert auf ein auf dich angepasstes und leistungssteigerndes Training.\t\t\t\t\t\t\t\t<\/div>\n\t\t\t\t<\/div>\n\t\t\t\t\t<\/div>\n\t\t<\/div>\n\t\t\t\t\t<\/div>\n\t\t<\/section>\n\t\t\t\t\t<\/div>\n\t\t<\/div>\n\t\t\t\t<div class=\"elementor-column elementor-col-33 elementor-top-column elementor-element elementor-element-2277656\" data-id=\"2277656\" data-element_type=\"column\">\n\t\t\t<div class=\"elementor-widget-wrap elementor-element-populated\">\n\t\t\t\t\t\t<div class=\"elementor-element elementor-element-58aa8a6 elementor-widget elementor-widget-image\" data-id=\"58aa8a6\" data-element_type=\"widget\" data-widget_type=\"image.default\">\n\t\t\t\t<div class=\"elementor-widget-container\">\n\t\t\t\t\t\t\t\t\t\t\t\t\t\t\t<img loading=\"lazy\" decoding=\"async\" width=\"640\" height=\"427\" src=\"https:\/\/i0.wp.com\/athlon-sportmanagement.com\/wp-content\/uploads\/2022\/07\/lilartsy-ckdP8e75-0A-unsplash.jpg?fit=640%2C427&amp;ssl=1\" class=\"attachment-large size-large wp-image-7041\" alt=\"planning-bg-pic\" srcset=\"https:\/\/i0.wp.com\/athlon-sportmanagement.com\/wp-content\/uploads\/2022\/07\/lilartsy-ckdP8e75-0A-unsplash.jpg?w=640&amp;ssl=1 640w, https:\/\/i0.wp.com\/athlon-sportmanagement.com\/wp-content\/uploads\/2022\/07\/lilartsy-ckdP8e75-0A-unsplash.jpg?resize=300%2C200&amp;ssl=1 300w, https:\/\/i0.wp.com\/athlon-sportmanagement.com\/wp-content\/uploads\/2022\/07\/lilartsy-ckdP8e75-0A-unsplash.jpg?resize=18%2C12&amp;ssl=1 18w, https:\/\/i0.wp.com\/athlon-sportmanagement.com\/wp-content\/uploads\/2022\/07\/lilartsy-ckdP8e75-0A-unsplash.jpg?resize=600%2C400&amp;ssl=1 600w\" sizes=\"auto, 100vw\">\t\t\t\t\t\t\t\t\t\t\t\t\t\t\t<\/div>\n\t\t\t\t<\/div>\n\t\t\t\t\t<\/div>\n\t\t<\/div>\n\t\t\t\t\t<\/div>\n\t\t<\/section>\n\t\t\t\t<section class=\"elementor-section elementor-top-section elementor-element elementor-element-93a90d0 elementor-section-boxed elementor-section-height-default elementor-section-height-default\" data-id=\"93a90d0\" data-element_type=\"section\">\n\t\t\t\t\t\t<div class=\"elementor-container elementor-column-gap-default\">\n\t\t\t\t\t<div class=\"elementor-column elementor-col-100 elementor-top-column elementor-element elementor-element-03e1e18\" data-id=\"03e1e18\" data-element_type=\"column\">\n\t\t\t<div class=\"elementor-widget-wrap elementor-element-populated\">\n\t\t\t\t\t\t<div class=\"elementor-element elementor-element-5517c98 elementor-widget elementor-widget-text-editor\" data-id=\"5517c98\" data-element_type=\"widget\" data-widget_type=\"text-editor.default\">\n\t\t\t\t<div class=\"elementor-widget-container\">\n\t\t\t\t\t\t\t\t\t<blockquote><span style=\"color: var( --e-global-color-text ); font-family: var( --e-global-typography-text-font-family ), Sans-serif;\"><span style=\"font-weight: 400;\">Galileo Galilei: Man kann einen Menschen nichts lehren, man kann ihm nur helfen, es in sich selbst zu entdecken.<\/span><\/span><\/blockquote>\t\t\t\t\t\t\t\t<\/div>\n\t\t\t\t<\/div>\n\t\t\t\t\t<\/div>\n\t\t<\/div>\n\t\t\t\t\t<\/div>\n\t\t<\/section>\n\t\t\t\t<section class=\"elementor-section elementor-top-section elementor-element elementor-element-96d259c elementor-section-boxed elementor-section-height-default elementor-section-height-default\" data-id=\"96d259c\" data-element_type=\"section\">\n\t\t\t\t\t\t<div class=\"elementor-container elementor-column-gap-default\">\n\t\t\t\t\t<div class=\"elementor-column elementor-col-100 elementor-top-column elementor-element elementor-element-ce9a52d\" data-id=\"ce9a52d\" data-element_type=\"column\">\n\t\t\t<div class=\"elementor-widget-wrap elementor-element-populated\">\n\t\t\t\t\t\t<div class=\"elementor-element elementor-element-76d6505 elementor-widget elementor-widget-text-editor\" data-id=\"76d6505\" data-element_type=\"widget\" data-widget_type=\"text-editor.default\">\n\t\t\t\t<div class=\"elementor-widget-container\">\n\t\t\t\t\t\t\t\t\t<p><span style=\"font-weight: 400;\">Zus\u00e4tzlich planen wir deine Karriere strategisch und zielorientiert. Durch die Auswertung deiner pers\u00f6nlichen W\u00fcnsche und Visionen, erstellen wir einen geeigneten Plan. Dabei ist uns wichtig, dass wir diesen Weg zu deinem Erfolg jederzeit auf deine eigenen Bed\u00fcrfnisse anpassen.<\/span><\/p>\t\t\t\t\t\t\t\t<\/div>\n\t\t\t\t<\/div>\n\t\t\t\t\t<\/div>\n\t\t<\/div>\n\t\t\t\t\t<\/div>\n\t\t<\/section>\n\t\t\t\t<section class=\"elementor-section elementor-top-section elementor-element elementor-element-bd315a5 elementor-section-boxed elementor-section-height-default elementor-section-height-default\" data-id=\"bd315a5\" data-element_type=\"section\">\n\t\t\t\t\t\t<div class=\"elementor-container elementor-column-gap-default\">\n\t\t\t\t\t<div class=\"elementor-column elementor-col-100 elementor-top-column elementor-element elementor-element-5069fe2\" data-id=\"5069fe2\" data-element_type=\"column\">\n\t\t\t<div class=\"elementor-widget-wrap elementor-element-populated\">\n\t\t\t\t\t\t<div class=\"elementor-element elementor-element-4e11fd4 elementor-widget elementor-widget-spacer\" data-id=\"4e11fd4\" data-element_type=\"widget\" data-widget_type=\"spacer.default\">\n\t\t\t\t<div class=\"elementor-widget-container\">\n\t\t\t\t\t\t\t<div class=\"elementor-spacer\">\n\t\t\t<div class=\"elementor-spacer-inner\"><\/div>\n\t\t<\/div>\n\t\t\t\t\t\t<\/div>\n\t\t\t\t<\/div>\n\t\t\t\t\t<\/div>\n\t\t<\/div>\n\t\t\t\t\t<\/div>\n\t\t<\/section>\n\t\t\t\t<\/div>\n\t\t<\/body>","protected":false},"excerpt":{"rendered":"<p>From the first steps of your career as a young athlete, we stay in close contact and exchange with\u00a0your family, as they are an important part of your career. We promote your strengths by analyzing and evaluating your performance in games and training\u00a0sessions and discussing it with you. Galileo Galilei said: \u201cYou cannot teach someone &hellip; <\/p>\n<p class=\"link-more\"><a href=\"https:\/\/athlon-sportmanagement.com\/de\/career-planning\/\" class=\"more-link\">Mehr <span class=\"screen-reader-text\">\u00fcber &#8220;Career planning&#8221; <\/span>Lesen<\/a><\/p>","protected":false},"author":1,"featured_media":0,"parent":0,"menu_order":0,"comment_status":"closed","ping_status":"closed","template":"","meta":{"nf_dc_page":"","om_disable_all_campaigns":false,"inline_featured_image":false,"_monsterinsights_skip_tracking":false,"_monsterinsights_sitenote_active":false,"_monsterinsights_sitenote_note":"","_monsterinsights_sitenote_category":0,"footnotes":""},"class_list":["post-6767","page","type-page","status-publish","hentry"],"yoast_head":"<!-- This site is optimized with the Yoast SEO plugin v26.9 - https:\/\/yoast.com\/product\/yoast-seo-wordpress\/ -->\n<title>Career planning - Athlon Sport Management<\/title>\n<meta name=\"description\" content=\"We promote your strengths by analyzing and evaluating your performance in games and training sessions and discussing it with you.\" \/>\n<meta name=\"robots\" content=\"index, follow, max-snippet:-1, max-image-preview:large, max-video-preview:-1\" \/>\n<link rel=\"canonical\" href=\"https:\/\/athlon-sportmanagement.com\/de\/career-planning\/\" \/>\n<meta property=\"og:locale\" content=\"de_DE\" \/>\n<meta property=\"og:type\" content=\"article\" \/>\n<meta property=\"og:title\" content=\"Career planning - Athlon Sport Management\" \/>\n<meta property=\"og:description\" content=\"We promote your strengths by analyzing and evaluating your performance in games and training sessions and discussing it with you.\" \/>\n<meta property=\"og:url\" content=\"https:\/\/athlon-sportmanagement.com\/de\/career-planning\/\" \/>\n<meta property=\"og:site_name\" content=\"Athlon Sport Management\" \/>\n<meta property=\"article:publisher\" content=\"https:\/\/www.facebook.com\/people\/Athlon-Sportmanagement\/100083543013209\/\" \/>\n<meta property=\"article:modified_time\" content=\"2022-07-26T07:37:57+00:00\" \/>\n<meta property=\"og:image\" content=\"https:\/\/athlon-sportmanagement.com\/wp-content\/uploads\/2022\/07\/lilartsy-ckdP8e75-0A-unsplash.jpg\" \/>\n<meta name=\"twitter:card\" content=\"summary_large_image\" \/>\n<meta name=\"twitter:label1\" content=\"Gesch\u00e4tzte Lesezeit\" \/>\n\t<meta name=\"twitter:data1\" content=\"1\u00a0Minute\" \/>\n<script type=\"application\/ld+json\" class=\"yoast-schema-graph\">{\"@context\":\"https:\/\/schema.org\",\"@graph\":[{\"@type\":\"WebPage\",\"@id\":\"https:\/\/athlon-sportmanagement.com\/career-planning\/\",\"url\":\"https:\/\/athlon-sportmanagement.com\/career-planning\/\",\"name\":\"Career planning - Athlon Sport Management\",\"isPartOf\":{\"@id\":\"https:\/\/athlon-sportmanagement.com\/#website\"},\"primaryImageOfPage\":{\"@id\":\"https:\/\/athlon-sportmanagement.com\/career-planning\/#primaryimage\"},\"image\":{\"@id\":\"https:\/\/athlon-sportmanagement.com\/career-planning\/#primaryimage\"},\"thumbnailUrl\":\"https:\/\/athlon-sportmanagement.com\/wp-content\/uploads\/2022\/07\/lilartsy-ckdP8e75-0A-unsplash.jpg\",\"datePublished\":\"2022-07-11T12:27:16+00:00\",\"dateModified\":\"2022-07-26T07:37:57+00:00\",\"description\":\"We promote your strengths by analyzing and evaluating your performance in games and training sessions and discussing it with you.\",\"breadcrumb\":{\"@id\":\"https:\/\/athlon-sportmanagement.com\/career-planning\/#breadcrumb\"},\"inLanguage\":\"de\",\"potentialAction\":[{\"@type\":\"ReadAction\",\"target\":[\"https:\/\/athlon-sportmanagement.com\/career-planning\/\"]}]},{\"@type\":\"ImageObject\",\"inLanguage\":\"de\",\"@id\":\"https:\/\/athlon-sportmanagement.com\/career-planning\/#primaryimage\",\"url\":\"https:\/\/athlon-sportmanagement.com\/wp-content\/uploads\/2022\/07\/lilartsy-ckdP8e75-0A-unsplash.jpg\",\"contentUrl\":\"https:\/\/athlon-sportmanagement.com\/wp-content\/uploads\/2022\/07\/lilartsy-ckdP8e75-0A-unsplash.jpg\"},{\"@type\":\"BreadcrumbList\",\"@id\":\"https:\/\/athlon-sportmanagement.com\/career-planning\/#breadcrumb\",\"itemListElement\":[{\"@type\":\"ListItem\",\"position\":1,\"name\":\"Home\",\"item\":\"https:\/\/athlon-sportmanagement.com\/de\/\"},{\"@type\":\"ListItem\",\"position\":2,\"name\":\"Career planning\"}]},{\"@type\":\"WebSite\",\"@id\":\"https:\/\/athlon-sportmanagement.com\/#website\",\"url\":\"https:\/\/athlon-sportmanagement.com\/\",\"name\":\"Athlon Sport Management\",\"description\":\"Football Player Agent\",\"publisher\":{\"@id\":\"https:\/\/athlon-sportmanagement.com\/#organization\"},\"potentialAction\":[{\"@type\":\"SearchAction\",\"target\":{\"@type\":\"EntryPoint\",\"urlTemplate\":\"https:\/\/athlon-sportmanagement.com\/?s={search_term_string}\"},\"query-input\":{\"@type\":\"PropertyValueSpecification\",\"valueRequired\":true,\"valueName\":\"search_term_string\"}}],\"inLanguage\":\"de\"},{\"@type\":\"Organization\",\"@id\":\"https:\/\/athlon-sportmanagement.com\/#organization\",\"name\":\"Athlon Sport Management\",\"url\":\"https:\/\/athlon-sportmanagement.com\/\",\"logo\":{\"@type\":\"ImageObject\",\"inLanguage\":\"de\",\"@id\":\"https:\/\/athlon-sportmanagement.com\/#\/schema\/logo\/image\/\",\"url\":\"https:\/\/i0.wp.com\/athlon-sportmanagement.com\/wp-content\/uploads\/2022\/07\/logo-print-hd-transparent.png?fit=3000%2C1455&ssl=1\",\"contentUrl\":\"https:\/\/i0.wp.com\/athlon-sportmanagement.com\/wp-content\/uploads\/2022\/07\/logo-print-hd-transparent.png?fit=3000%2C1455&ssl=1\",\"width\":3000,\"height\":1455,\"caption\":\"Athlon Sport Management\"},\"image\":{\"@id\":\"https:\/\/athlon-sportmanagement.com\/#\/schema\/logo\/image\/\"},\"sameAs\":[\"https:\/\/www.facebook.com\/people\/Athlon-Sportmanagement\/100083543013209\/\",\"https:\/\/www.instagram.com\/athlonsportmanagement\/\"]}]}<\/script>\n<!-- \/ Yoast SEO plugin. -->","yoast_head_json":{"title":"Career planning - Athlon Sport Management","description":"We promote your strengths by analyzing and evaluating your performance in games and training sessions and discussing it with you.","robots":{"index":"index","follow":"follow","max-snippet":"max-snippet:-1","max-image-preview":"max-image-preview:large","max-video-preview":"max-video-preview:-1"},"canonical":"https:\/\/athlon-sportmanagement.com\/de\/career-planning\/","og_locale":"de_DE","og_type":"article","og_title":"Career planning - Athlon Sport Management","og_description":"We promote your strengths by analyzing and evaluating your performance in games and training sessions and discussing it with you.","og_url":"https:\/\/athlon-sportmanagement.com\/de\/career-planning\/","og_site_name":"Athlon Sport Management","article_publisher":"https:\/\/www.facebook.com\/people\/Athlon-Sportmanagement\/100083543013209\/","article_modified_time":"2022-07-26T07:37:57+00:00","og_image":[{"url":"https:\/\/athlon-sportmanagement.com\/wp-content\/uploads\/2022\/07\/lilartsy-ckdP8e75-0A-unsplash.jpg","type":"","width":"","height":""}],"twitter_card":"summary_large_image","twitter_misc":{"Gesch\u00e4tzte Lesezeit":"1\u00a0Minute"},"schema":{"@context":"https:\/\/schema.org","@graph":[{"@type":"WebPage","@id":"https:\/\/athlon-sportmanagement.com\/career-planning\/","url":"https:\/\/athlon-sportmanagement.com\/career-planning\/","name":"Career planning - Athlon Sport Management","isPartOf":{"@id":"https:\/\/athlon-sportmanagement.com\/#website"},"primaryImageOfPage":{"@id":"https:\/\/athlon-sportmanagement.com\/career-planning\/#primaryimage"},"image":{"@id":"https:\/\/athlon-sportmanagement.com\/career-planning\/#primaryimage"},"thumbnailUrl":"https:\/\/athlon-sportmanagement.com\/wp-content\/uploads\/2022\/07\/lilartsy-ckdP8e75-0A-unsplash.jpg","datePublished":"2022-07-11T12:27:16+00:00","dateModified":"2022-07-26T07:37:57+00:00","description":"We promote your strengths by analyzing and evaluating your performance in games and training sessions and discussing it with you.","breadcrumb":{"@id":"https:\/\/athlon-sportmanagement.com\/career-planning\/#breadcrumb"},"inLanguage":"de","potentialAction":[{"@type":"ReadAction","target":["https:\/\/athlon-sportmanagement.com\/career-planning\/"]}]},{"@type":"ImageObject","inLanguage":"de","@id":"https:\/\/athlon-sportmanagement.com\/career-planning\/#primaryimage","url":"https:\/\/athlon-sportmanagement.com\/wp-content\/uploads\/2022\/07\/lilartsy-ckdP8e75-0A-unsplash.jpg","contentUrl":"https:\/\/athlon-sportmanagement.com\/wp-content\/uploads\/2022\/07\/lilartsy-ckdP8e75-0A-unsplash.jpg"},{"@type":"BreadcrumbList","@id":"https:\/\/athlon-sportmanagement.com\/career-planning\/#breadcrumb","itemListElement":[{"@type":"ListItem","position":1,"name":"Home","item":"https:\/\/athlon-sportmanagement.com\/de\/"},{"@type":"ListItem","position":2,"name":"Career planning"}]},{"@type":"WebSite","@id":"https:\/\/athlon-sportmanagement.com\/#website","url":"https:\/\/athlon-sportmanagement.com\/","name":"Athlon Sport Management","description":"Football Player Agent","publisher":{"@id":"https:\/\/athlon-sportmanagement.com\/#organization"},"potentialAction":[{"@type":"SearchAction","target":{"@type":"EntryPoint","urlTemplate":"https:\/\/athlon-sportmanagement.com\/?s={search_term_string}"},"query-input":{"@type":"PropertyValueSpecification","valueRequired":true,"valueName":"search_term_string"}}],"inLanguage":"de"},{"@type":"Organization","@id":"https:\/\/athlon-sportmanagement.com\/#organization","name":"Athlon Sport Management","url":"https:\/\/athlon-sportmanagement.com\/","logo":{"@type":"ImageObject","inLanguage":"de","@id":"https:\/\/athlon-sportmanagement.com\/#\/schema\/logo\/image\/","url":"https:\/\/i0.wp.com\/athlon-sportmanagement.com\/wp-content\/uploads\/2022\/07\/logo-print-hd-transparent.png?fit=3000%2C1455&ssl=1","contentUrl":"https:\/\/i0.wp.com\/athlon-sportmanagement.com\/wp-content\/uploads\/2022\/07\/logo-print-hd-transparent.png?fit=3000%2C1455&ssl=1","width":3000,"height":1455,"caption":"Athlon Sport Management"},"image":{"@id":"https:\/\/athlon-sportmanagement.com\/#\/schema\/logo\/image\/"},"sameAs":["https:\/\/www.facebook.com\/people\/Athlon-Sportmanagement\/100083543013209\/","https:\/\/www.instagram.com\/athlonsportmanagement\/"]}]}},"jetpack_sharing_enabled":true,"featured_media_urls":[],"_links":{"self":[{"href":"https:\/\/athlon-sportmanagement.com\/de\/wp-json\/wp\/v2\/pages\/6767","targetHints":{"allow":["GET"]}}],"collection":[{"href":"https:\/\/athlon-sportmanagement.com\/de\/wp-json\/wp\/v2\/pages"}],"about":[{"href":"https:\/\/athlon-sportmanagement.com\/de\/wp-json\/wp\/v2\/types\/page"}],"author":[{"embeddable":true,"href":"https:\/\/athlon-sportmanagement.com\/de\/wp-json\/wp\/v2\/users\/1"}],"replies":[{"embeddable":true,"href":"https:\/\/athlon-sportmanagement.com\/de\/wp-json\/wp\/v2\/comments?post=6767"}],"version-history":[{"count":5,"href":"https:\/\/athlon-sportmanagement.com\/de\/wp-json\/wp\/v2\/pages\/6767\/revisions"}],"predecessor-version":[{"id":7239,"href":"https:\/\/athlon-sportmanagement.com\/de\/wp-json\/wp\/v2\/pages\/6767\/revisions\/7239"}],"wp:attachment":[{"href":"https:\/\/athlon-sportmanagement.com\/de\/wp-json\/wp\/v2\/media?parent=6767"}],"curies":[{"name":"wp","href":"https:\/\/api.w.org\/{rel}","templated":true}]}}